{"id":1969,"date":"2026-02-09T09:08:23","date_gmt":"2026-02-09T08:08:23","guid":{"rendered":"https:\/\/seven2026.con2webs.es\/politica-de-privacitat\/"},"modified":"2026-03-13T11:27:30","modified_gmt":"2026-03-13T10:27:30","slug":"politica-de-privacitat","status":"publish","type":"page","link":"https:\/\/sevenmila.com\/ca\/politica-de-privacitat\/","title":{"rendered":"Pol\u00edtica de Privacitat"},"content":{"rendered":"\n<p>SEVEN MARKETING ON SPORTS &amp; LEISURE, SL garanteix la privacitat de les dades de car\u00e0cter personal aportades, segons el Reglament General de Protecci\u00f3 de Dades (RGPD).<\/p>\n\n<p>La visita a aquesta p\u00e0gina web no suposa que l&#8217;usuari estigui obligat a facilitar cap informaci\u00f3 sobre si mateix; no obstant aix\u00f2, durant la visita \u00e9s possible que se sol\u00b7licitin dades de car\u00e0cter personal a trav\u00e9s de formularis.<\/p>\n\n<p>Aquestes dades seran incorporades a un fitxer responsabilitat de SEVEN MARKETING ON SPORTS &amp; LEISURE, SL i seran utilitzades per a les seg\u00fcents finalitats: contestar les sol\u00b7licituds realitzades per la vostra part, per enviar-vos informaci\u00f3 de la nostra empresa i serveis sol\u00b7licitats o oferts per qualsevol mitj\u00e0 de comunicaci\u00f3. Per donar compliment a les sol\u00b7licituds, l&#8217;interessat autoritza SEVEN MARKETING ON SPORTS &amp; LEISURE, SL a cedir les seves dades a les empreses associades o col\u00b7laboradores amb les quals existeixen contractes de prestaci\u00f3 de serveis relacionats amb l&#8217;activitat, com estipula la normativa vigent en els articles 10, 11 i 12 del RGPD, amb la finalitat de prestar un servei adequat en base a les peticions realitzades per vost\u00e8. En enviar-nos aquest formulari, vost\u00e8 est\u00e0 acceptant expl\u00edcitament la recepci\u00f3 i el tractament d&#8217;aquestes dades per a les finalitats expressades. Aquestes dades es cancel\u00b7laran a petici\u00f3 vostra o una vegada satisfeta la finalitat per a la qual van ser recollides.   <\/p>\n\n<p><strong>Com exercir els drets: <\/strong>Els usuaris poden dirigir una comunicaci\u00f3 per escrit a SEVEN MARKETING ON SPORTS &amp; LEISURE, SL amb domicili a AV. DE CORNELL\u00c0 142, 8\u00e8 3a, 08950 ESPLUGUES DE LLOBREGAT, BARCELONA, o a l&#8217;adre\u00e7a de correu electr\u00f2nic rlopez@sevenmila.com incloent en ambd\u00f3s casos una fotoc\u00f2pia del seu DNI o un altre document identificatiu similar, per exercir els seus drets, que s\u00f3n els seg\u00fcents: <\/p>\n\n<ul class=\"wp-block-list\">\n<li>Dret a sol\u00b7licitar l&#8217;acc\u00e9s a les dades personals: vost\u00e8 podr\u00e0 preguntar a SEVEN MARKETING ON SPORTS &amp; LEISURE, SL si aquesta empresa est\u00e0 tractant les seves<\/li>\n\n\n\n<li>Dret a sol\u00b7licitar la seva rectificaci\u00f3 (en cas que siguin incorrectes) o supressi\u00f3.<\/li>\n<\/ul>\n\n<ul class=\"wp-block-list\">\n<li>Dret a sol\u00b7licitar la limitaci\u00f3 del seu tractament, en aquest cas \u00fanicament seran conservades per SEVEN MARKETING ON SPORTS &amp; LEISURE, SL per a l&#8217;exercici o la defensa de<\/li>\n\n\n\n<li>Dret a oposar-se al tractament: SEVEN MARKETING ON SPORTS &amp; LEISURE, SL deixar\u00e0 de tractar les dades de la manera que vost\u00e8 indiqui, excepte que per motius leg\u00edtims imperiosos o l&#8217;exercici o la defensa de possibles reclamacions s&#8217;hagin de seguir<\/li>\n\n\n\n<li>Dret a la portabilitat de les dades: en cas que vulgui que les seves dades siguin tractades per una altra firma, SEVEN MARKETING ON SPORTS &amp; LEISURE, SL li facilitar\u00e0 la portabilitat de les seves dades al nou<\/li>\n<\/ul>\n\n<p> <strong>Possibilitat de retirar el consentiment: <\/strong>en el cas que s&#8217;hagi atorgat el consentiment per a alguna finalitat espec\u00edfica, vost\u00e8 t\u00e9 dret a retirar el consentiment en qualsevol moment, sense que aix\u00f2 afecti la licitud del tractament basat en el consentiment previ a la seva retirada.<\/p>\n\n<p><strong>Com reclamar davant l&#8217;Autoritat de Control: <\/strong>Si un usuari considera que hi ha un problema amb la manera en qu\u00e8 SEVEN MARKETING ON SPORTS &amp; LEISURE, SL est\u00e0 gestionant les seves dades, pot dirigir les seves reclamacions a l&#8217;autoritat de protecci\u00f3 de dades que correspongui, sent l&#8217;Ag\u00e8ncia Espanyola de Protecci\u00f3 de Dades la indicada en el cas d&#8217;Espanya.<\/p>\n\n<p>La negativa a proporcionar les dades suposar\u00e0 la no prestaci\u00f3 o la impossibilitat d&#8217;accedir al servei per als quals eren sol\u00b7licitades. Vost\u00e8 t\u00e9 dret a rebre resposta a qualsevol pregunta, consulta o aclariment que li sorgeixi derivada d&#8217;aquest formulari. <\/p>\n\n<p>Les parts se sotmeten, a la seva elecci\u00f3, per a la resoluci\u00f3 dels conflictes i amb ren\u00fancia a qualsevol altre fur, als jutjats i tribunals del domicili del propietari del lloc web.<\/p>\n","protected":false},"excerpt":{"rendered":"<p>SEVEN MARKETING ON SPORTS &amp; LEISURE, SL garanteix la privacitat de les dades de car\u00e0cter personal aportades, segons el Reglament General de Protecci\u00f3 de Dades (RGPD). La visita a aquesta p\u00e0gina web no suposa que l&#8217;usuari estigui obligat a facilitar cap informaci\u00f3 sobre si mateix; no obstant aix\u00f2, durant la visita \u00e9s possible que se&#8230;<\/p>\n","protected":false},"author":1,"featured_media":0,"parent":0,"menu_order":0,"comment_status":"closed","ping_status":"closed","template":"","meta":{"_kad_blocks_custom_css":"","_kad_blocks_head_custom_js":"","_kad_blocks_body_custom_js":"","_kad_blocks_footer_custom_js":"","_kad_post_transparent":"disable","_kad_post_title":"","_kad_post_layout":"","_kad_post_sidebar_id":"","_kad_post_content_style":"","_kad_post_vertical_padding":"","_kad_post_feature":"","_kad_post_feature_position":"","_kad_post_header":false,"_kad_post_footer":false,"_kad_post_classname":"","footnotes":""},"class_list":["post-1969","page","type-page","status-publish","hentry"],"taxonomy_info":[],"featured_image_src_large":false,"author_info":{"display_name":"admin","author_link":"https:\/\/sevenmila.com\/ca\/author\/exi_rcyzp2f1\/"},"comment_info":0,"_links":{"self":[{"href":"https:\/\/sevenmila.com\/ca\/wp-json\/wp\/v2\/pages\/1969","targetHints":{"allow":["GET"]}}],"collection":[{"href":"https:\/\/sevenmila.com\/ca\/wp-json\/wp\/v2\/pages"}],"about":[{"href":"https:\/\/sevenmila.com\/ca\/wp-json\/wp\/v2\/types\/page"}],"author":[{"embeddable":true,"href":"https:\/\/sevenmila.com\/ca\/wp-json\/wp\/v2\/users\/1"}],"replies":[{"embeddable":true,"href":"https:\/\/sevenmila.com\/ca\/wp-json\/wp\/v2\/comments?post=1969"}],"version-history":[{"count":4,"href":"https:\/\/sevenmila.com\/ca\/wp-json\/wp\/v2\/pages\/1969\/revisions"}],"predecessor-version":[{"id":2115,"href":"https:\/\/sevenmila.com\/ca\/wp-json\/wp\/v2\/pages\/1969\/revisions\/2115"}],"wp:attachment":[{"href":"https:\/\/sevenmila.com\/ca\/wp-json\/wp\/v2\/media?parent=1969"}],"curies":[{"name":"wp","href":"https:\/\/api.w.org\/{rel}","templated":true}]}}