{"id":1982,"date":"2026-02-09T09:12:25","date_gmt":"2026-02-09T08:12:25","guid":{"rendered":"https:\/\/seven2026.con2webs.es\/avis-legal\/"},"modified":"2026-03-13T11:28:07","modified_gmt":"2026-03-13T10:28:07","slug":"avis-legal","status":"publish","type":"page","link":"https:\/\/sevenmila.com\/ca\/avis-legal\/","title":{"rendered":"Av\u00eds Legal"},"content":{"rendered":"\n<p>D&#8217;acord amb l&#8217;exig\u00e8ncia de l&#8217;article 10 de la Llei 34\/2002, d&#8217;11 de juliol, de Serveis de la Societat de la Informaci\u00f3 i de Comer\u00e7 Electr\u00f2nic (LSSI-CE), SEVEN MARKETING ON SPORTS &amp; LEISURE, SL informa de les dades seg\u00fcents:<\/p>\n\n<h2 class=\"wp-block-heading\">TITULAR DEL LLOC WEB<\/h2>\n\n<p><strong>Ra\u00f3 Social: <\/strong>SEVEN MARKETING ON SPORTS &amp; LEISURE, SL<\/p>\n\n<p><strong>CIF\/NIF: <\/strong>B58985391<\/p>\n\n<p><strong>Denominaci\u00f3 comercial: <\/strong>SEVEN MILA<\/p>\n\n<p><strong>Domicili fiscal: <\/strong>AV. DE CORNELL\u00c1 142, 8\u00e8 3a, 08950 ESPLUGUES DE LLOBREGAT, BARCELONA. <\/p>\n\n<p><strong>Contacte: <\/strong><a href=\"mailto:rlopez@sevenmila.com\">rlopez@sevenmila.com<\/a><\/p>\n\n<p><strong>Registre Mercantil: <\/strong>BARCELONA, Tom: 40001, Full: 112569, Foli: 15, N\u00famero d&#8217;inscripci\u00f3: 18<\/p>\n\n<p>La present informaci\u00f3 regula les condicions d&#8217;\u00fas, les limitacions de responsabilitat i les obligacions que els usuaris de la p\u00e0gina web que es publica sota el nom del domini <a href=\"https:\/\/www.sevenmila.com\/\">www.sevenmila.com<\/a> assumeixen i es comprometen a respectar.<\/p>\n\n<h2 class=\"wp-block-heading\">COOKIES<\/h2>\n\n<p><a href=\"https:\/\/www.sevenmila.com\/\">www.sevenmila.com<\/a> utilitza cookies per facilitar la navegaci\u00f3 per aquest portal i per obtenir una major efic\u00e0cia i personalitzaci\u00f3 dels serveis oferts als usuaris. Les cookies emprades a <a href=\"https:\/\/www.sevenmila.com\/\">www.sevenmila.com<\/a> s&#8217;associen \u00fanicament amb un usuari an\u00f2nim i el seu ordinador, no proporcionen refer\u00e8ncies que permetin deduir el nom i cognoms de l&#8217;usuari i no poden llegir dades del seu disc dur ni incloure virus als seus equips. Aix\u00ed mateix, <a href=\"https:\/\/www.sevenmila.com\/\">www.sevenmila.com<\/a> no pot llegir les cookies implantades al disc dur de l&#8217;usuari des d&#8217;altres servidors.  <\/p>\n\n<p>L&#8217;usuari pot decidir lliurement sobre la implantaci\u00f3 o no al seu disc dur de les cookies emprades a <a href=\"https:\/\/www.sevenmila.com\/\">www.sevenmila.com.<\/a> En aquest sentit, l&#8217;usuari pot acceptar, rebutjar o configurar el seu navegador per gestionar les cookies i decidir en aquell moment la seva implantaci\u00f3 o no al seu disc dur. Per aix\u00f2 us suggerim consultar la secci\u00f3 d&#8217;ajuda del vostre navegador per saber com canviar la configuraci\u00f3 que empreu actualment. Encara que l&#8217;usuari configur\u00e9s el seu navegador per rebutjar totes les cookies o rebutg\u00e9s expressament les cookies de <a href=\"https:\/\/www.sevenmila.com\/\">www.sevenmila.com<\/a> podr\u00e0 navegar pel portal amb l&#8217;\u00fanic inconvenient de no poder gaudir de les funcionalitats del portal que requereixin la instal\u00b7laci\u00f3 d&#8217;alguna d&#8217;elles. En qualsevol cas, l&#8217;usuari podr\u00e0 eliminar les cookies de <a href=\"https:\/\/www.sevenmila.com\/\">www.sevenmila.com<\/a> implantades al seu disc dur en qualsevol moment, seguint el procediment establert a la secci\u00f3 d&#8217;ajuda del seu navegador o entrant a l&#8217;enlla\u00e7 de <strong>Pol\u00edtica de Cookies <\/strong>d&#8217;aquest lloc web.   <\/p>\n\n<h2 class=\"wp-block-heading\">POL\u00cdTICA D&#8217;ENLLA\u00c7OS<\/h2>\n\n<p>En cas que un usuari d&#8217;Internet introdueixi un enlla\u00e7 des del seu propi lloc web al lloc web de SEVEN MILA, l&#8217;enlla\u00e7 \u00fanicament vincular\u00e0 amb la p\u00e0gina principal d&#8217;aquest \u00faltim, per\u00f2 no podr\u00e0 reproduir-la de cap manera, i, en cas que es visualitzin els continguts del lloc web amb continguts aliens al mateix, aquests continguts aliens no podran induir a error, confusi\u00f3 o engany en els usuaris sobre la proced\u00e8ncia dels seus continguts, ni suposar un acte de comparaci\u00f3 o imitaci\u00f3 deslleial o un aprofitament de la reputaci\u00f3 de SEVEN MILA.<\/p>\n\n<p>No es realitzar\u00e0 des de la p\u00e0gina que introdueix l&#8217;enlla\u00e7 cap tipus de manifestaci\u00f3 falsa o inexacta sobre SEVEN MILA, empreses associades, col\u00b7laboradors o empleats, ni s&#8217;indicar\u00e0 en aquesta p\u00e0gina que tenen el consentiment de SEVEN MILA per a la inserci\u00f3 de l&#8217;enlla\u00e7, o que SEVEN MILA t\u00e9 alguna relaci\u00f3 o col\u00b7laboraci\u00f3 amb aquesta p\u00e0gina.<\/p>\n\n<p>Llevat dels casos permesos per la llei o expressament autoritzats per SEVEN MILA, sempre que es permeti un enlla\u00e7 directe amb el seu lloc web, queda prohibida la utilitzaci\u00f3 de qualsevol marca o qualsevol altre signe distintiu de SEVEN MILA dins de la p\u00e0gina on es trobi l&#8217;enlla\u00e7, llevat que s&#8217;autoritzi expressament.<\/p>\n\n<p>La p\u00e0gina que estableixi l&#8217;enlla\u00e7 haur\u00e0 de complir amb la llei i no disposar o enlla\u00e7ar amb continguts il\u00b7l\u00edcits o contraris a la moral i als bons costums.<\/p>\n\n<p>Per la seva banda, el propi lloc web inclou dispositius t\u00e8cnics d&#8217;enlla\u00e7 que permeten a l&#8217;usuari accedir a altres p\u00e0gines i portals d&#8217;Internet, actuant SEVEN MILA com a prestador de serveis d&#8217;intermediaci\u00f3 de conformitat amb l&#8217;article 17 de la Llei 34\/2002, d&#8217;11 de juliol, de Serveis de la Societat de la Informaci\u00f3 i de Comer\u00e7 Electr\u00f2nic, per la qual cosa nom\u00e9s ser\u00e0 responsable dels continguts i serveis subministrats als llocs enlla\u00e7ats en cas que, havent tingut coneixement efectiu, en la forma prevista per la Llei de Serveis de la Societat de la Informaci\u00f3, de la il\u00b7licitud, no hagi desactivat l&#8217;enlla\u00e7.<\/p>\n\n<p>L&#8217;exist\u00e8ncia de llocs enlla\u00e7ats no suposa que existeixin acords amb els responsables o titulars dels mateixos, i SEVEN MILA no es fa responsable pels danys produ\u00efts per la il\u00b7licitud, qualitat, desactualitzaci\u00f3, indisponibilitat, error i inutilitat dels continguts d&#8217;aquests llocs, ja que els desconeix. En qualsevol cas, si l&#8217;usuari tingu\u00e9s coneixement que els llocs enlla\u00e7ats remeten a p\u00e0gines els continguts o serveis de les quals s\u00f3n il\u00b7l\u00edcits o contraris a la moral haur\u00e0 posar-ho en coneixement de SEVEN MILA. <\/p>\n\n<p>A aquests efectes s&#8217;habilita l&#8217;adre\u00e7a de correu electr\u00f2nic <a href=\"mailto:rlopez@sevenmila.com\">rlopez@sevenmila.com,<\/a> d&#8217;aquesta manera, els usuaris hauran de comunicar: nom, adre\u00e7a, n\u00famero de tel\u00e8fon i adre\u00e7a de correu electr\u00f2nic, especificaci\u00f3 de la suposada activitat il\u00b7l\u00edcita duta a terme al portal i fets o circumst\u00e0ncies que revelen el car\u00e0cter il\u00b7l\u00edcit d&#8217;aquesta activitat.<\/p>\n\n<h2 class=\"wp-block-heading\">CONDICIONS D&#8217;\u00daS<\/h2>\n\n<p>La utilitzaci\u00f3 de la p\u00e0gina implica l&#8217;acceptaci\u00f3 de les condicions de l&#8217;av\u00eds legal, pol\u00edtica de privadesa i condicions d&#8217;\u00fas. Si l&#8217;usuari no estigu\u00e9s conforme, s&#8217;abstindr\u00e0 d&#8217;utilitzar la p\u00e0gina i l&#8217;abandonar\u00e0. L&#8217;usuari est\u00e0 obligat i es compromet a utilitzar la p\u00e0gina i els continguts de conformitat amb la legislaci\u00f3 vigent, l&#8217;av\u00eds legal, i qualsevol altre av\u00eds contingut en aquesta p\u00e0gina, aix\u00ed com amb les normes de conviv\u00e8ncia, la moral i els bons costums generalment acceptats.  <\/p>\n\n<p>L&#8217;usuari s&#8217;obliga i es compromet a no transmetre, difondre o posar a disposici\u00f3 de tercers qualsevol contingut de la p\u00e0gina, com ara informacions, textos, dades, continguts, missatges, gr\u00e0fics, dibuixos, arxius de so i\/o imatge, fotografies, gravacions, programari, logotips, marques, icones, tecnologia, fotografies, programari, enlla\u00e7os, disseny gr\u00e0fic i codis font, o qualsevol altre material al qual tingu\u00e9s acc\u00e9s en la seva condici\u00f3 d&#8217;usuari de la p\u00e0gina, sense que aquesta enumeraci\u00f3 tingui car\u00e0cter limitatiu.<\/p>\n\n<h2 class=\"wp-block-heading\">PROPIETAT INTEL\u00b7LECTUAL I INDUSTRIAL<\/h2>\n\n<p>Totes les marques, noms comercials o signes distintius de qualsevol classe que apareixen a la p\u00e0gina s\u00f3n propietat de SEVEN MARKETING ON SPORTS &amp; LEISURE, SL o, si escau, de tercers que n&#8217;han autoritzat l&#8217;\u00fas, sense que pugui entendre&#8217;s que l&#8217;\u00fas o acc\u00e9s al portal i\/o als continguts atribueixi a l&#8217;usuari cap dret sobre les esmentades marques, noms comercials i\/o signes distintius, i sense que puguin entendre&#8217;s cedits a l&#8217;usuari, cap dels drets d&#8217;explotaci\u00f3 que existeixen o puguin existir sobre aquests continguts. I no s&#8217;ent\u00e9n cedits ni s&#8217;autoritza la seva utilitzaci\u00f3, en cap cas, als usuaris de la p\u00e0gina llevat que s&#8217;obtinguin aquests drets per escrit del leg\u00edtim titular dels mateixos. <\/p>\n\n<h2 class=\"wp-block-heading\">XARXES SOCIALS OFICIALS<\/h2>\n\n<p>El prestador de serveis de les p\u00e0gines oficials de SEVEN MILA a les xarxes socials Facebook, Twitter, LinkedIn, Instagram, Tik Tok \u00e9s l&#8217;entitat SEVEN MARKETING ON SPORTS &amp; LEISURE, SL (d&#8217;ara endavant SEVEN MILA) amb C.I.F. B58985391 i domicili social a AV. DE CORNELL\u00c1 142, 8\u00e8 3a, 08950 ESPLUGUES DE LLOBREGAT, BARCELONA i mateix domicili a efecte de notificacions. <\/p>\n\n<p>L&#8217;acc\u00e9s i \u00fas d&#8217;aquestes p\u00e0gines requereix de l&#8217;acceptaci\u00f3 de les condicions generals d&#8217;\u00fas de xarxes socials i la pol\u00edtica de privadesa que m\u00e9s avall es detalla i es completa amb la pol\u00edtica i les normes de les plataformes de xarxa social de Facebook, Twitter, LinkedIn, Instagram, Tik Tok.<\/p>\n\n<p>Per a qualsevol consulta o contacte amb SEVEN MILA, els usuaris podran comunicar-se a trav\u00e9s del n\u00famero de tel\u00e8fon 933688376 o de la seg\u00fcent adre\u00e7a electr\u00f2nica: <a href=\"mailto:rlopez@sevenmila.com\">rlopez@sevenmila.com.<\/a><\/p>\n\n<p><strong><br\/>Condicions d&#8217;\u00fas de la p\u00e0gina oficial de SEVEN MILA a Facebook, Twitter, LinkedIn, Instagram, Tik Tok<\/strong><\/p>\n\n<p>Si us plau, llegiu atentament aquestes condicions d&#8217;\u00fas ja que contenen tota la informaci\u00f3 relativa als vostres drets i obligacions com a usuari de la p\u00e0gina oficial de SEVEN MILA a Facebook, Twitter, LinkedIn, Instagram, Tik Tok. L&#8217;acc\u00e9s i \u00fas de la p\u00e0gina oficial de SEVEN MILA a Facebook, Twitter, LinkedIn, Instagram, Tik Tok est\u00e0 subjecte a m\u00e9s al compliment de les condicions establertes per Facebook, Twitter, LinkedIn, Instagram, Tik Tok com a titular de la plataforma del servei de xarxa social. <\/p>\n\n<p>Quan l&#8217;usuari accedeix o utilitza la p\u00e0gina oficial de SEVEN MILA a Facebook, Twitter, LinkedIn, Instagram, Tik Tok manifesta el seu consentiment i acceptaci\u00f3 del compliment del que s&#8217;estableix a les presents condicions d&#8217;\u00fas.<\/p>\n\n<p>L&#8217;acc\u00e9s i \u00fas de la p\u00e0gina oficial de SEVEN MILA a Facebook, Twitter, LinkedIn, Instagram, Tik Tok est\u00e0 prohibit als menors de 14 anys.<\/p>\n\n<p><strong><br\/>Usos permesos i usos prohibits<\/strong><\/p>\n\n<p>A trav\u00e9s de la p\u00e0gina oficial de SEVEN MILA a Facebook, Twitter, LinkedIn, Instagram, Tik Tok es facilita un espai en el qual l&#8217;usuari pot publicar i intercanviar informaci\u00f3 i continguts, aix\u00ed com establir comunicaci\u00f3 entre diversos usuaris.<\/p>\n\n<p>L&#8217;\u00fas de la p\u00e0gina oficial de SEVEN MILA no pot tenir una finalitat econ\u00f2mica o comercial.<\/p>\n\n<p>L&#8217;usuari est\u00e0 obligat a realitzar un \u00fas raonable de la p\u00e0gina oficial de SEVEN MILA de Facebook, Twitter, LinkedIn, Instagram, Tik Tok i dels seus continguts, segons les possibilitats i finalitats per a les quals est\u00e0 concebut d&#8217;acord amb els usos i costums, la moral, la legislaci\u00f3 vigent, les presents normes i les normes i pol\u00edtiques publicades per Facebook, Twitter, LinkedIn, Instagram, Tik Tok. L&#8217;usuari ser\u00e0 l&#8217;\u00fanic responsable de la informaci\u00f3, imatges, opinions, al\u00b7lusions o continguts de qualsevol tipus que comuniqui, allotgi, transmeti, posi a disposici\u00f3 o exhibeixi a trav\u00e9s de la p\u00e0gina oficial de SEVEN MILA a Facebook, Twitter, LinkedIn, Instagram, Tik Tok. <\/p>\n\n<p>SEVEN MILA no podr\u00e0 ser considerat responsable editorial dels continguts publicats per l&#8217;usuari i declara expressament que no s&#8217;identifica amb cap de les opinions que els usuaris publiquin a la p\u00e0gina oficial de SEVEN MILA a Facebook, Twitter, LinkedIn, Instagram, Tik Tok de les conseq\u00fc\u00e8ncies de les quals es fa enterament responsable l&#8217;emissor de les mateixes.<\/p>\n\n<p>En tot cas, queda prohibit l&#8217;\u00fas de la p\u00e0gina oficial de SEVEN MILA a Facebook, Twitter, LinkedIn, Instagram, Tik Tok amb finalitats il\u00b7legals o no autoritzades, amb o sense finalitat econ\u00f2mica.<\/p>\n\n<h2 class=\"wp-block-heading\">EXEMPCI\u00d3 DE RESPONSABILITATS<\/h2>\n\n<p>SEVEN MARKETING ON SPORTS &amp; LEISURE, SL inclou al seu lloc web una s\u00e8rie de continguts sobre les seves activitats, productes, estructura, gesti\u00f3 i equips propis d&#8217;un web corporatiu. SEVEN MARKETING ON SPORTS &amp; LEISURE, SL exclou qualsevol responsabilitat pels danys i perjudicis de tota naturalesa que poguessin derivar-se de l&#8217;acc\u00e9s als continguts, informacions, publicitat, opcions, conceptes i imatges facilitats als usuaris. <\/p>\n\n<p>En qualsevol cas, SEVEN MARKETING ON SPORTS &amp; LEISURE, SL no es fa responsable de: El mal que l&#8217;usuari pugui fer del lloc web.<\/p>\n\n<p>La continu\u00eftat dels continguts del lloc web.<\/p>\n\n<p>L&#8217;abs\u00e8ncia de virus i\/o altres components nocius al lloc web o al servidor que els subministra, tant pel que fa a la visualitzaci\u00f3 dels continguts pels usuaris com a la desc\u00e0rrega dels mateixos.<\/p>\n\n<p>Els continguts i serveis prestats per altres llocs web als quals pugui tenir acc\u00e9s des de les adreces d&#8217;Internet titularitat de SEVEN MARKETING ON SPORTS &amp; LEISURE, SL.<\/p>\n\n<p>El major o menor rendiment dels continguts allotjats al lloc web.<\/p>\n\n<p>Els danys o perjudicis que caus\u00e9s qualsevol persona, b\u00e9 a si mateixa o a terceres, que infring\u00eds les condicions, normes i instruccions que SEVEN MARKETING ON SPORTS &amp; LEISURE, SL estableix en aquest lloc web.<\/p>\n\n<p>Els danys ocasionats per la vulneraci\u00f3 dels sistemes de seguretat del lloc web titularitat de SEVEN MARKETING ON SPORTS &amp; LEISURE, SL.<\/p>\n\n<p>El mal funcionament de programari o \u201c<em>plugins<\/em>\u201d (desc\u00e0rrega que es pogu\u00e9s realitzar des de l&#8217;enlla\u00e7 establert a l&#8217;efecte), que pogu\u00e9s ser necessari per a la visualitzaci\u00f3 o escolta de determinats continguts allotjats en el present Lloc Web.<\/p>\n\n<p>Qualsevol acci\u00f3 o actuaci\u00f3 que pogu\u00e9s realitzar en relaci\u00f3 amb la vulneraci\u00f3 de drets de tercers, especialment, en relaci\u00f3 amb la imatge, propietat intel\u00b7lectual o industrial.<\/p>\n\n<p>De l&#8217;edici\u00f3, revisi\u00f3, censura i verificaci\u00f3 dels continguts de les p\u00e0gines o llocs d&#8217;Internet amb els quals l&#8217;usuari es connecti a trav\u00e9s del motor de cerca o d&#8217;hipervincles inclosos al lloc web de SEVEN MARKETING ON SPORTS &amp; LEISURE, SL.<\/p>\n\n<p><strong>Exempci\u00f3 de responsabilitat pel funcionament de la p\u00e0gina web<\/strong><\/p>\n\n<p>SEVEN MARKETING ON SPORTS &amp; LEISURE, SL presta els seus serveis i continguts de forma continuada emprant tots els mitjans t\u00e8cnics al seu abast per realitzar aquesta prestaci\u00f3 de forma satisfact\u00f2ria.<\/p>\n\n<p>SEVEN MARKETING ON SPORTS &amp; LEISURE, SL podr\u00e0, quan ho consideri convenient, realitzar correccions, millores o modificacions en la informaci\u00f3 continguda al seu lloc web, sense que aix\u00f2 doni lloc, ni dret a cap reclamaci\u00f3 o indemnitzaci\u00f3, ni impliqui reconeixement de responsabilitat alguna.<\/p>\n\n<p>SEVEN MARKETING ON SPORTS &amp; LEISURE, SL no es fa responsable pels danys i perjudicis de tota naturalesa que poguessin derivar-se de la disponibilitat i continu\u00eftat t\u00e8cnica del funcionament del seu lloc web. En qualsevol cas, SEVEN MARKETING ON SPORTS &amp; LEISURE, SL, dur\u00e0 a terme totes les actuacions necess\u00e0ries per restablir els seus serveis en cas de fallada t\u00e8cnica. <\/p>\n\n<h2 class=\"wp-block-heading\">LEGISLACI\u00d3 I JURISDICCI\u00d3<\/h2>\n\n<p>SEVEN MARKETING ON SPORTS &amp; LEISURE, SL es reserva la facultat de presentar les accions civils o penals que consideri oportunes per la utilitzaci\u00f3 indeguda del seu lloc web i continguts, o per l&#8217;incompliment d&#8217;aquestes condicions. <\/p>\n\n<p>En cas d&#8217;existir discrep\u00e0ncia entre el que s&#8217;estableix al present av\u00eds legal i les condicions particulars de cada servei espec\u00edfic, prevaldr\u00e0 el que es disposa en aquestes \u00faltimes.<\/p>\n\n<p>En el cas que qualsevol disposici\u00f3 o disposicions contingudes al present av\u00eds legal fossin considerades nul\u00b7les o inaplicables, en la seva totalitat o en part, per qualsevol jutjat, tribunal o \u00f2rgan administratiu competent, aquesta nul\u00b7litat o inaplicaci\u00f3 no afectar\u00e0 la resta de disposicions del present av\u00eds legal ni a les condicions particulars dels diferents serveis del present lloc web.<\/p>\n\n<p>El no exercici o execuci\u00f3, per part de SEVEN MARKETING ON SPORTS &amp; LEISURE, SL de qualsevol dret o disposici\u00f3 contingut en aquestes condicions generals no constituir\u00e0 una ren\u00fancia al mateix, llevat de reconeixement i acord escrit per la seva part.<\/p>\n\n<p>La relaci\u00f3 entre l&#8217;usuari i el prestador es regir\u00e0 per la normativa vigent i d&#8217;aplicaci\u00f3 al territori espanyol. De sorgir qualsevol controv\u00e8rsia, les parts podran sotmetre els seus conflictes a arbitratge o acudir a la jurisdicci\u00f3 ordin\u00e0ria complint amb les normes sobre jurisdicci\u00f3 i compet\u00e8ncia al respecte. SEVEN MARKETING ON SPORTS &amp; LEISURE, SL t\u00e9 el seu domicili a ESPLUGUES DE LLOBREGAT, Espanya.  <\/p>\n\n<p>D&#8217;acord amb l&#8217;art. 14.1 del Reglament (UE) 524\/2013, la Comissi\u00f3 Europea facilita una plataforma de resoluci\u00f3 de litigis en l\u00ednia al seg\u00fcent enlla\u00e7: <a href=\"https:\/\/ec.europa.eu\/consumers\/odr\/\" target=\"_blank\" rel=\"noopener\">https:\/\/ec.europa.eu\/consumers\/odr\/<\/a><\/p>\n","protected":false},"excerpt":{"rendered":"<p>D&#8217;acord amb l&#8217;exig\u00e8ncia de l&#8217;article 10 de la Llei 34\/2002, d&#8217;11 de juliol, de Serveis de la Societat de la Informaci\u00f3 i de Comer\u00e7 Electr\u00f2nic (LSSI-CE), SEVEN MARKETING ON SPORTS &amp; LEISURE, SL informa de les dades seg\u00fcents: TITULAR DEL LLOC WEB Ra\u00f3 Social: SEVEN MARKETING ON SPORTS &amp; LEISURE, SL CIF\/NIF: B58985391 Denominaci\u00f3 comercial:&#8230;<\/p>\n","protected":false},"author":1,"featured_media":0,"parent":0,"menu_order":0,"comment_status":"closed","ping_status":"closed","template":"","meta":{"_kad_blocks_custom_css":"","_kad_blocks_head_custom_js":"","_kad_blocks_body_custom_js":"","_kad_blocks_footer_custom_js":"","_kad_post_transparent":"disable","_kad_post_title":"","_kad_post_layout":"","_kad_post_sidebar_id":"","_kad_post_content_style":"","_kad_post_vertical_padding":"","_kad_post_feature":"","_kad_post_feature_position":"","_kad_post_header":false,"_kad_post_footer":false,"_kad_post_classname":"","footnotes":""},"class_list":["post-1982","page","type-page","status-publish","hentry"],"taxonomy_info":[],"featured_image_src_large":false,"author_info":{"display_name":"admin","author_link":"https:\/\/sevenmila.com\/ca\/author\/exi_rcyzp2f1\/"},"comment_info":0,"_links":{"self":[{"href":"https:\/\/sevenmila.com\/ca\/wp-json\/wp\/v2\/pages\/1982","targetHints":{"allow":["GET"]}}],"collection":[{"href":"https:\/\/sevenmila.com\/ca\/wp-json\/wp\/v2\/pages"}],"about":[{"href":"https:\/\/sevenmila.com\/ca\/wp-json\/wp\/v2\/types\/page"}],"author":[{"embeddable":true,"href":"https:\/\/sevenmila.com\/ca\/wp-json\/wp\/v2\/users\/1"}],"replies":[{"embeddable":true,"href":"https:\/\/sevenmila.com\/ca\/wp-json\/wp\/v2\/comments?post=1982"}],"version-history":[{"count":2,"href":"https:\/\/sevenmila.com\/ca\/wp-json\/wp\/v2\/pages\/1982\/revisions"}],"predecessor-version":[{"id":2118,"href":"https:\/\/sevenmila.com\/ca\/wp-json\/wp\/v2\/pages\/1982\/revisions\/2118"}],"wp:attachment":[{"href":"https:\/\/sevenmila.com\/ca\/wp-json\/wp\/v2\/media?parent=1982"}],"curies":[{"name":"wp","href":"https:\/\/api.w.org\/{rel}","templated":true}]}}